{"id":290,"date":"2017-11-21T17:16:58","date_gmt":"2017-11-21T17:16:58","guid":{"rendered":"http:\/\/aavanz.biz\/?page_id=290"},"modified":"2018-06-29T11:37:43","modified_gmt":"2018-06-29T11:37:43","slug":"unbabel-2","status":"publish","type":"page","link":"https:\/\/aavanz.biz\/?page_id=290","title":{"rendered":"UNBABEL"},"content":{"rendered":"<p style=\"text-align: justify;\"><strong>Success case on Horizon 2020 \u2013 Unbabel in \u201cEU innovation Champions league\u201d<\/strong><\/p>\n<p style=\"text-align: justify;\">It was with great enthusiasm that we received the news of the approval by European Commission of the Unbabel submission to support program dedicated to Innovative SME (SME Instrument) of Horizon 2020 Program.<\/p>\n<p style=\"text-align: justify;\">Unabel is a Portuguese startup that combines automatic translation with a people community \u2013 translators and publishers. It was the first Portuguese company to enter YCombinator accelerator and developed an innovating business model that ensures high quality translation, at a very fast and accessible price.<\/p>\n<p style=\"text-align: justify;\">The actual working translators team covers: Portuguese, English, Spanish, French, German, Russian, Arab, Japanese, Turkish, Italian, Mandarin, Greek, polish, Bulgarian, Romanian, Dutch, Swedish, Finnish, Danish, Norwegian and Malayan. The translators demand and the dominant language variety is constantly rising, to ensure a global service.<\/p>\n<p style=\"text-align: justify;\">Unbabel clients can request a translation service via email, or access the service through an API, that involves the possibility to integrate directly on MailChimp or Zendesk.<\/p>\n<p style=\"text-align: justify;\">Unbabel applied for the SME Instrument cut-off on September 2014 with AAVANZ<br \/>\nsupport \u2013 there was 1944 submissions, where 608 were in the same category (Information and Communication Technologies), with an approval rate of 9% &#8211; these competitions have a high rate demand, being highly competitive that are called \u201cEuropean innovation champions league\u201d, by what we were significantly satisfied with Unbabel success.<\/p>\n<p style=\"text-align: justify;\">For visibility studies \u2013 first phase of this contest \u2013 199 companies were selected from 25 countries, involved in 178 projects, which will receive, on total, around 9 million euros.<\/p>\n<p style=\"text-align: justify;\">Between the beneficiaries, there are 6 Portuguese companies, being Unbabel one of them. Each project will receive 50 thousand euros to carry through viability tests.<\/p>\n<p style=\"text-align: justify;\">There is a still a long way ahead, but this victory came to improve this team motivation and of this excellent project, that we will keep watching.<\/p>\n","protected":false},"excerpt":{"rendered":"<p>Success case on Horizon 2020 \u2013 Unbabel in \u201cEU innovation Champions league\u201d It was with great enthusiasm that we received the news of the approval by European Commission of the Unbabel submission to support program dedicated to Innovative SME (SME &hellip; <a href=\"https:\/\/aavanz.biz\/?page_id=290\">Continue reading <span class=\"meta-nav\">&rarr;<\/span><\/a><\/p>\n","protected":false},"author":2,"featured_media":0,"parent":0,"menu_order":0,"comment_status":"closed","ping_status":"closed","template":"","meta":{"jetpack_post_was_ever_published":false},"jetpack_shortlink":"https:\/\/wp.me\/P2b0Lj-4G","jetpack_sharing_enabled":true,"jetpack-related-posts":[{"id":291,"url":"https:\/\/aavanz.biz\/?page_id=291","url_meta":{"origin":290,"position":0},"title":"SCRAMJET","author":"Nuno Cunha","date":"November 21, 2017","format":false,"excerpt":"Empowering Business Flights \u2013 HORIZON 2020 SME Instrument In 2017 was performed a viability study of SCRAMJET, an innovating project promoted by the portuguese company WATERDOG. This study was made under the financed project of Horizon 2020 program, SME Instrument (phase 1). SCRAMJET, a mobile and web platform of networking,\u2026","rel":"","context":"Similar post","block_context":{"text":"Similar post","link":""},"img":{"alt_text":"","src":"","width":0,"height":0},"classes":[]},{"id":412,"url":"https:\/\/aavanz.biz\/?page_id=412","url_meta":{"origin":290,"position":1},"title":"keys to success for SME instrument","author":"Nuno Cunha","date":"January 10, 2019","format":false,"excerpt":"EUROPEAN FUNDING OPPORTUNITIES FOR INNOVATIVE SME\u2019S:\u00a0keys to success for SME instrument\u00a0 29\/01\/2019 Av. Professor Gama Pinto 2, Lisbon Vamos realizar, no pr\u00f3ximo dia 29\u00a0de Janeiro, uma sess\u00e3o gratuita sobre oportunidades de financiamento para PMEs inovadoras no HORIZON 2020. V\u00e3o ser apresentados casos de sucesso e os participantes ter\u00e3o a possibilidade\u2026","rel":"","context":"Similar post","block_context":{"text":"Similar post","link":""},"img":{"alt_text":"","src":"","width":0,"height":0},"classes":[]},{"id":288,"url":"https:\/\/aavanz.biz\/?page_id=288","url_meta":{"origin":290,"position":2},"title":"CARE","author":"Nuno Cunha","date":"November 21, 2017","format":false,"excerpt":"Project with participation of PEMAS Green Technologies bring competitive advantages for the future of air transport systems. To ensure the competitivity of local agents, the European regions must carefully guide their investigation finances and Technologic Development (IDT), effectively matching to the various technologic and environment challenges faced by aviation industry,\u2026","rel":"","context":"Similar post","block_context":{"text":"Similar post","link":""},"img":{"alt_text":"","src":"","width":0,"height":0},"classes":[]},{"id":13,"url":"https:\/\/aavanz.biz\/?page_id=13","url_meta":{"origin":290,"position":3},"title":"Projects","author":"Nuno Cunha","date":"December 10, 2011","format":false,"excerpt":"BRAGMA - Bridging Actions for GMES and AFRICA SMART - Services for SMEs in collAborative tRansport research projects PEMAS SIAC 2011 - PEMAS QREN collective action Blue Screen -\u00a0International Success after an IDT project onCaring - concluded an I&D project to provide users and caregivers their location in real time\u2026","rel":"","context":"Similar post","block_context":{"text":"Similar post","link":""},"img":{"alt_text":"","src":"","width":0,"height":0},"classes":[]},{"id":289,"url":"https:\/\/aavanz.biz\/?page_id=289","url_meta":{"origin":290,"position":4},"title":"CRITICAL MATERIALS SA","author":"Nuno Cunha","date":"November 21, 2017","format":false,"excerpt":"Critical Materials S.A. is developing an innovating monitorization system of the aeronautic electric cables sensWIRING - Harness integrated & delocalized sensors network for wiring health monitoring, is a CleanSky project that occurs between 2013 and 2015, coordinated by Critical Materials S.A. (Critical Group subsidiary company). The sensWIRING project aims to\u2026","rel":"","context":"Similar post","block_context":{"text":"Similar post","link":""},"img":{"alt_text":"","src":"","width":0,"height":0},"classes":[]},{"id":102,"url":"https:\/\/aavanz.biz\/?page_id=102","url_meta":{"origin":290,"position":5},"title":"PEMAS SIAC 2011","author":"Nuno Cunha","date":"February 5, 2012","format":false,"excerpt":"PEMAS SIAC 2011 PEMAS Project SIAC 2011, funded by QREN Programme (EU Structural Funds) targets the improvement of the competitiveness of the Portuguese Aeronautical sector, with the specific scope of creating and disseminating information about markets, technology and funding. It is expected that such relevant information will increase the sector\u2026","rel":"","context":"Similar post","block_context":{"text":"Similar post","link":""},"img":{"alt_text":"","src":"","width":0,"height":0},"classes":[]}],"_links":{"self":[{"href":"https:\/\/aavanz.biz\/index.php?rest_route=\/wp\/v2\/pages\/290"}],"collection":[{"href":"https:\/\/aavanz.biz\/index.php?rest_route=\/wp\/v2\/pages"}],"about":[{"href":"https:\/\/aavanz.biz\/index.php?rest_route=\/wp\/v2\/types\/page"}],"author":[{"embeddable":true,"href":"https:\/\/aavanz.biz\/index.php?rest_route=\/wp\/v2\/users\/2"}],"replies":[{"embeddable":true,"href":"https:\/\/aavanz.biz\/index.php?rest_route=%2Fwp%2Fv2%2Fcomments&post=290"}],"version-history":[{"count":5,"href":"https:\/\/aavanz.biz\/index.php?rest_route=\/wp\/v2\/pages\/290\/revisions"}],"predecessor-version":[{"id":405,"href":"https:\/\/aavanz.biz\/index.php?rest_route=\/wp\/v2\/pages\/290\/revisions\/405"}],"wp:attachment":[{"href":"https:\/\/aavanz.biz\/index.php?rest_route=%2Fwp%2Fv2%2Fmedia&parent=290"}],"curies":[{"name":"wp","href":"https:\/\/api.w.org\/{rel}","templated":true}]}}