{"id":291,"date":"2017-11-21T17:16:58","date_gmt":"2017-11-21T17:16:58","guid":{"rendered":"http:\/\/aavanz.biz\/?page_id=291"},"modified":"2017-11-22T15:33:55","modified_gmt":"2017-11-22T15:33:55","slug":"scramjet","status":"publish","type":"page","link":"https:\/\/aavanz.biz\/?page_id=291","title":{"rendered":"SCRAMJET"},"content":{"rendered":"<p>Empowering Business Flights \u2013 HORIZON 2020 SME Instrument<\/p>\n<p style=\"text-align: justify;\">In 2017 was performed a viability study of SCRAMJET, an innovating project promoted by the portuguese company WATERDOG. This study was made under the financed project of Horizon 2020 program, SME Instrument (phase 1). SCRAMJET, a mobile and web platform of networking, will allow the business travelers to make better use of the time travel to find new customers, partners or suppliers. This study had AAVANZ support.<\/p>\n","protected":false},"excerpt":{"rendered":"<p>Empowering Business Flights \u2013 HORIZON 2020 SME Instrument In 2017 was performed a viability study of SCRAMJET, an innovating project promoted by the portuguese company WATERDOG. This study was made under the financed project of Horizon 2020 program, SME Instrument &hellip; <a href=\"https:\/\/aavanz.biz\/?page_id=291\">Continue reading <span class=\"meta-nav\">&rarr;<\/span><\/a><\/p>\n","protected":false},"author":2,"featured_media":0,"parent":0,"menu_order":0,"comment_status":"closed","ping_status":"closed","template":"","meta":{"jetpack_post_was_ever_published":false},"jetpack_shortlink":"https:\/\/wp.me\/P2b0Lj-4H","jetpack_sharing_enabled":true,"jetpack-related-posts":[{"id":13,"url":"https:\/\/aavanz.biz\/?page_id=13","url_meta":{"origin":291,"position":0},"title":"Projects","author":"Nuno Cunha","date":"December 10, 2011","format":false,"excerpt":"BRAGMA - Bridging Actions for GMES and AFRICA SMART - Services for SMEs in collAborative tRansport research projects PEMAS SIAC 2011 - PEMAS QREN collective action Blue Screen -\u00a0International Success after an IDT project onCaring - concluded an I&D project to provide users and caregivers their location in real time\u2026","rel":"","context":"Similar post","block_context":{"text":"Similar post","link":""},"img":{"alt_text":"","src":"","width":0,"height":0},"classes":[]},{"id":412,"url":"https:\/\/aavanz.biz\/?page_id=412","url_meta":{"origin":291,"position":1},"title":"keys to success for SME instrument","author":"Nuno Cunha","date":"January 10, 2019","format":false,"excerpt":"EUROPEAN FUNDING OPPORTUNITIES FOR INNOVATIVE SME\u2019S:\u00a0keys to success for SME instrument\u00a0 29\/01\/2019 Av. Professor Gama Pinto 2, Lisbon Vamos realizar, no pr\u00f3ximo dia 29\u00a0de Janeiro, uma sess\u00e3o gratuita sobre oportunidades de financiamento para PMEs inovadoras no HORIZON 2020. V\u00e3o ser apresentados casos de sucesso e os participantes ter\u00e3o a possibilidade\u2026","rel":"","context":"Similar post","block_context":{"text":"Similar post","link":""},"img":{"alt_text":"","src":"","width":0,"height":0},"classes":[]},{"id":290,"url":"https:\/\/aavanz.biz\/?page_id=290","url_meta":{"origin":291,"position":2},"title":"UNBABEL","author":"Nuno Cunha","date":"November 21, 2017","format":false,"excerpt":"Success case on Horizon 2020 \u2013 Unbabel in \u201cEU innovation Champions league\u201d It was with great enthusiasm that we received the news of the approval by European Commission of the Unbabel submission to support program dedicated to Innovative SME (SME Instrument) of Horizon 2020 Program. Unabel is a Portuguese startup\u2026","rel":"","context":"Similar post","block_context":{"text":"Similar post","link":""},"img":{"alt_text":"","src":"","width":0,"height":0},"classes":[]},{"id":288,"url":"https:\/\/aavanz.biz\/?page_id=288","url_meta":{"origin":291,"position":3},"title":"CARE","author":"Nuno Cunha","date":"November 21, 2017","format":false,"excerpt":"Project with participation of PEMAS Green Technologies bring competitive advantages for the future of air transport systems. To ensure the competitivity of local agents, the European regions must carefully guide their investigation finances and Technologic Development (IDT), effectively matching to the various technologic and environment challenges faced by aviation industry,\u2026","rel":"","context":"Similar post","block_context":{"text":"Similar post","link":""},"img":{"alt_text":"","src":"","width":0,"height":0},"classes":[]},{"id":9,"url":"https:\/\/aavanz.biz\/","url_meta":{"origin":291,"position":4},"title":"Home","author":"Nuno Cunha","date":"December 10, 2011","format":false,"excerpt":"Welcome to AAVANZ AAVANZ provides Innovation Consulting Services for SMEs and start-ups on the set-up of innovative projects, preparing their market strategy, raising R&D and innovation funding and management of such projects successfully. AAVANZ builds on an experience base of more than 17 years of involvement in RTD activities with\u2026","rel":"","context":"Similar post","block_context":{"text":"Similar post","link":""},"img":{"alt_text":"","src":"https:\/\/i0.wp.com\/aavanz.biz\/wp-content\/uploads\/2017\/11\/aavanz01-1024x766.png?resize=350%2C200","width":350,"height":200,"srcset":"https:\/\/i0.wp.com\/aavanz.biz\/wp-content\/uploads\/2017\/11\/aavanz01-1024x766.png?resize=350%2C200 1x, https:\/\/i0.wp.com\/aavanz.biz\/wp-content\/uploads\/2017\/11\/aavanz01-1024x766.png?resize=525%2C300 1.5x"},"classes":[]},{"id":97,"url":"https:\/\/aavanz.biz\/?page_id=97","url_meta":{"origin":291,"position":5},"title":"SMART","author":"Nuno Cunha","date":"February 5, 2012","format":false,"excerpt":"SMART is a Support Action co-funded by the FP7 of the European Commission. The aim of the project is to provide services to support SMEs participation in RTD research projects under the Transport Work-Programme, mainly: connecting Clusters of Transport sector in different European countries training on EU funding mechanisms facilitating\u2026","rel":"","context":"Similar post","block_context":{"text":"Similar post","link":""},"img":{"alt_text":"","src":"","width":0,"height":0},"classes":[]}],"_links":{"self":[{"href":"https:\/\/aavanz.biz\/index.php?rest_route=\/wp\/v2\/pages\/291"}],"collection":[{"href":"https:\/\/aavanz.biz\/index.php?rest_route=\/wp\/v2\/pages"}],"about":[{"href":"https:\/\/aavanz.biz\/index.php?rest_route=\/wp\/v2\/types\/page"}],"author":[{"embeddable":true,"href":"https:\/\/aavanz.biz\/index.php?rest_route=\/wp\/v2\/users\/2"}],"replies":[{"embeddable":true,"href":"https:\/\/aavanz.biz\/index.php?rest_route=%2Fwp%2Fv2%2Fcomments&post=291"}],"version-history":[{"count":5,"href":"https:\/\/aavanz.biz\/index.php?rest_route=\/wp\/v2\/pages\/291\/revisions"}],"predecessor-version":[{"id":364,"href":"https:\/\/aavanz.biz\/index.php?rest_route=\/wp\/v2\/pages\/291\/revisions\/364"}],"wp:attachment":[{"href":"https:\/\/aavanz.biz\/index.php?rest_route=%2Fwp%2Fv2%2Fmedia&parent=291"}],"curies":[{"name":"wp","href":"https:\/\/api.w.org\/{rel}","templated":true}]}}