{"id":388,"date":"2018-05-24T14:17:01","date_gmt":"2018-05-24T14:17:01","guid":{"rendered":"http:\/\/aavanz.biz\/?page_id=388"},"modified":"2018-05-24T14:17:01","modified_gmt":"2018-05-24T14:17:01","slug":"politica-de-privacidade","status":"publish","type":"page","link":"https:\/\/aavanz.biz\/?page_id=388","title":{"rendered":"Pol\u00edtica de privacidade"},"content":{"rendered":"<p>Data da \u00faltima actualiza\u00e7\u00e3o: 24 de Maio de 2018<\/p>\n<p>&nbsp;<\/p>\n<p>A AAVANZ compromete-se a proteger a sua privacidade. Pode visitar o nosso site sem nos dar nenhuma informa\u00e7\u00e3o pessoal. Por vezes precisamos de informa\u00e7\u00f5es suas para lhe fornecer servi\u00e7os ou informa\u00e7\u00f5es solicitadas. Este documento foi elaborado para fornecer uma explica\u00e7\u00e3o clara das pr\u00e1ticas de processamento de dados da AAVANZ.<\/p>\n<p>Se tiver d\u00favidas ou preocupa\u00e7\u00f5es relacionadas ao site da AAVANZ ou se quiser saber mais sobre como recolhemos, armazenamos ou usamos os seus dados pessoais, envie um e-mail para <a href=\"mailto:admin@aavanz.com\">admin@aavanz.com<\/a>.<\/p>\n<p>&nbsp;<\/p>\n<p><strong>Prote\u00e7\u00e3o de Dados Pessoais<\/strong><\/p>\n<ol>\n<li><strong>As informa\u00e7\u00f5es que recolhemos e o objectivo principal para essa recolha<\/strong><\/li>\n<\/ol>\n<p>As informa\u00e7\u00f5es pessoais que nos fornece s\u00e3o recolhidas para fins comerciais leg\u00edtimos, o que inclui o processamento de registos ou consultas, mantendo-o informado sobre novos eventos, servi\u00e7os ou ofertas para lhe prestar o melhor servi\u00e7o poss\u00edvel. Sempre que processarmos dados para esses fins, garantiremos que respeitamos sempre direitos relacionados com os seus dados pessoais e levamos em conta esses mesmos direitos.<\/p>\n<p>O fornecimento desta informa\u00e7\u00e3o \u00e9 volunt\u00e1rio. No entanto, se n\u00e3o fornecer as informa\u00e7\u00f5es solicitadas poder\u00e1 n\u00e3o ser poss\u00edvel processar seu registo ou responder \u00e0 sua consulta ou prestar informa\u00e7\u00f5es. Todas as informa\u00e7\u00f5es fornecidas por si ser\u00e3o realizadas com a maior confidencialidade.<\/p>\n<p>Somente recolhemos as informa\u00e7\u00f5es pessoais necess\u00e1rias para os fins mencionados acima, o que inclui p.ex. o seguinte (n\u00e3o estando limitado a):<\/p>\n<ul>\n<li>Nome complete &amp; fun\u00e7\u00e3o<\/li>\n<li>Nome da empresa &amp; morada<\/li>\n<li>N\u00famero telefone<\/li>\n<li>Endere\u00e7o de email<\/li>\n<\/ul>\n<p>AAVANZ \u00e9 a \u00fanica propriet\u00e1ria da informa\u00e7\u00e3o recolhida no site e meios conectados p.ex. newsletter.<\/p>\n<p>Alguns exemplos sobre como podemos recolher dados incluem, mas n\u00e3o est\u00e3o limitados, ao seguinte:<\/p>\n<ul>\n<li>Ao inscrever-se na nossa newsletter, site, blog ou p\u00e1ginas de redes sociais p.ex. LinkedIn<\/li>\n<li>Ao comunicar connosco via telefone, e-mail, carta ou social media<\/li>\n<li>Quando nos encontramos pessoalmente<\/li>\n<li>Ao participar nos nossos eventos<\/li>\n<\/ul>\n<p>N\u00e3o usamos terceiros para adquirir dados.<\/p>\n<p>&nbsp;<\/p>\n<p>&nbsp;<\/p>\n<ol start=\"2\">\n<li><strong>Partilha de informa\u00e7\u00f5es: com quem pretendemos compartilhar informa\u00e7\u00f5es e<\/strong> <strong>porqu\u00ea<\/strong><\/li>\n<\/ol>\n<p>N\u00e3o alugamos ou vendemos nossas listas de clientes.<\/p>\n<p>Nenhuma lista da AAVANZ pode ser usada por qualquer pessoa 1) que n\u00e3o seja para o uso confidencial originalmente pretendido 2) nem por pessoas externas \u00e0 AAVANZ. Infractores ser\u00e3o processados.<\/p>\n<p>&nbsp;<\/p>\n<ol start=\"3\">\n<li><strong>Links para outros sites<\/strong><\/li>\n<\/ol>\n<p>O site e not\u00edcias da AAVANZ cont\u00e9m alguns links para outros sites. Por favor, esteja ciente de que a AAVANZ n\u00e3o \u00e9 respons\u00e1vel pelas pr\u00e1ticas de privacidade dos outros sites\/links. Esta declara\u00e7\u00e3o de privacidade aplica-se exclusivamente \u00e0s informa\u00e7\u00f5es recolhidas pela AAVANZ.<\/p>\n<p>&nbsp;<\/p>\n<ol start=\"4\">\n<li><strong>Pesquisas e Promo\u00e7\u00f5es<\/strong><\/li>\n<\/ol>\n<p>De tempos em tempos, a AAVANZ pode realizar pedidos, pesquisas e promo\u00e7\u00f5es e pode solicitar informa\u00e7\u00f5es aos utilizadores como parte delas. A participa\u00e7\u00e3o nestes \u00e9 inteiramente volunt\u00e1ria.<\/p>\n<p>&nbsp;<\/p>\n<ol start=\"5\">\n<li><strong>Seguran\u00e7a<\/strong><\/li>\n<\/ol>\n<p>A AAVANZ toma precau\u00e7\u00f5es para proteger as suas informa\u00e7\u00f5es. O acesso a todas as informa\u00e7\u00f5es dos nossos utilizadores \u00e9 restrito ao nosso escrit\u00f3rio. Somente os funcion\u00e1rios que precisam das informa\u00e7\u00f5es para realizar um trabalho espec\u00edfico recebem acesso a informa\u00e7\u00f5es pessoalmente identific\u00e1veis. Os servidores nos quais armazenamos informa\u00e7\u00f5es pessoais \u200b\u200bs\u00e3o mantidos em um ambiente seguro.<\/p>\n<p>&nbsp;<\/p>\n<ol start=\"6\">\n<li><strong>Corrigir, Actualizar ou Remover as Suas Informa\u00e7\u00f5es Pessoais<\/strong><\/li>\n<\/ol>\n<p>A AAVANZ far\u00e1 todos os esfor\u00e7os necess\u00e1rios para manter seus dados pessoais completos e atualizados. Se suas informa\u00e7\u00f5es pessoais estiverem incorretas, mudarem ou se n\u00e3o desejar receber mais informa\u00e7\u00f5es da AAVANZ, vamos corrigir, actualizar ou remover as suas informa\u00e7\u00f5es o mais rapidamente poss\u00edvel. Isso pode ser feito enviando um e-mail para <a href=\"mailto:admin@aavanz.com\">admin@aavanz.com<\/a> ou atrav\u00e9s das fun\u00e7\u00f5es autom\u00e1ticas do Mailchimp.<\/p>\n<p>&nbsp;<\/p>\n<ol start=\"7\">\n<li><strong>Marketing Direto<\/strong><\/li>\n<\/ol>\n<p>Se n\u00e3o desejar receber mais newsletters ou materiais promocionais, pode optar por n\u00e3o receber essas comunica\u00e7\u00f5es. Pode faz\u00ea-lo seguindo o link de cancelamento de inscri\u00e7\u00e3o colocado no rodap\u00e9 de cada e-mail. Ou pode simplesmente contactar <a href=\"mailto:admin@aavanz.com\">admin@aavanz.com<\/a> e pedir para cancelar.<\/p>\n<p>&nbsp;<\/p>\n<ol start=\"8\">\n<li><strong>Notifica\u00e7\u00e3o de Altera\u00e7\u00f5es<\/strong><\/li>\n<\/ol>\n<p>A AAVANZ reserva-se o direito de alterar o aviso de privacidade. Nesse caso, a data da &#8220;\u00faltima actualiza\u00e7\u00e3o&#8221; ser\u00e1 alterada de acordo.<\/p>\n<ol start=\"9\">\n<li><strong>Conformidade com o GDPR<\/strong><\/li>\n<\/ol>\n<p>A AAVANZ respeita seu direito \u00e0 privacidade. Garantimos que todos os dados s\u00e3o geridos de forma legal, justa e transparente. Se n\u00e3o se recordar destes pode enviar-nos um email para <a href=\"mailto:admin@aavanz.com\">admin@aavanz.com<\/a> e solicitar os seus dados pessoais ou qualquer informa\u00e7\u00e3o relacionada com dados e privacidade.<\/p>\n<p>A qualquer altura poder\u00e1: (1) solicitar uma c\u00f3pia dos dados; (2) corrigir ou eliminar os dados; (3) retirar o consentimento.<\/p>\n<p>&nbsp;<\/p>\n<ol start=\"10\">\n<li><strong>Armazenamento e Reten\u00e7\u00e3o de Dados<\/strong><\/li>\n<\/ol>\n<p>A AAVANZ \u00e9 uma empresa com sede Portugal e as informa\u00e7\u00f5es de contacto s\u00e3o armazenadas nos nossos sistemas internos hospedados em Portugal, ou em sistemas externos de fornecedores de servi\u00e7os que j\u00e1 aderem ao GDPR p.ex. Mailchimp.<\/p>\n<p>A AAVANZ ret\u00e9m os dados durante o tempo da rela\u00e7\u00e3o comercial do cliente com a AAVANZ, e durante o tempo legalmente exigido em Portugal para a reten\u00e7\u00e3o destes dados. Para obter mais informa\u00e7\u00f5es sobre onde, e por quanto tempo, os seus dados pessoais s\u00e3o armazenados, e para obter mais informa\u00e7\u00f5es sobre seus direitos de exclus\u00e3o, entre em contato com a protec\u00e7\u00e3o de dados da AAVANZ em <a href=\"mailto:admin@aavanz.com\">admin@aavanz.com<\/a>.<\/p>\n<p>&nbsp;<\/p>\n<ol start=\"11\">\n<li><strong>Legisla\u00e7\u00e3o Anti-Spam de PORTUGAL<\/strong><\/li>\n<\/ol>\n<p>A AAVANZ tomou todas as medidas razo\u00e1veis \u200b\u200bpara cumprir a legisla\u00e7\u00e3o anti-spam em Portugal. Apenas enviamos e-mails para contatos com os quais tivemos um contato comercial, indiv\u00edduos que possam ter perguntado sobre AAVANZ, participado em reuni\u00f5es ou eventos, ou que tenham frequentado as nossas comunica\u00e7\u00f5es de marketing. Se receber um email n\u00e3o solicitado da AAVANZ, envie um e-mail para <a href=\"mailto:admin@aavanz.com\">admin@aavanz.com<\/a> e n\u00f3s removeremos seus dados dentro de 48 horas \u00fateis.<\/p>\n<p>&nbsp;<\/p>\n<ol start=\"12\">\n<li><strong>Transfer\u00eancia<\/strong><\/li>\n<\/ol>\n<p>A internet \u00e9 um ambiente global. Os dados que recolhemos podem ser transferidos e armazenados em destinos internacionais, incluindo destinos fora da \u00c1rea Econ\u00f3mica Europeia (&#8220;EEA&#8221;). Tamb\u00e9m pode ser processado por funcion\u00e1rios internacionais ou processadores de dados fora dessa \u00e1rea, que podem estar envolvidos, entre outros assuntos, no cumprimento do seu pedido, no processamento dos seus detalhes de pagamento e na presta\u00e7\u00e3o de servi\u00e7os de suporte.<\/p>\n<p>A AAVANZ tomar\u00e1 todas as medidas razoavelmente necess\u00e1rias para garantir que os seus dados sejam tratados de forma segura e de acordo com este Aviso de Privacidade.<\/p>\n<p>Se n\u00e3o consentir com esta transfer\u00eancia, armazenamento ou processamento da sua informa\u00e7\u00e3o pessoal por favor envie um email para <a href=\"mailto:admin@aavanz.com\">admin@aavanz.com<\/a>, com indicando as suas refer\u00eancias.<\/p>\n","protected":false},"excerpt":{"rendered":"<p>Data da \u00faltima actualiza\u00e7\u00e3o: 24 de Maio de 2018 &nbsp; A AAVANZ compromete-se a proteger a sua privacidade. Pode visitar o nosso site sem nos dar nenhuma informa\u00e7\u00e3o pessoal. Por vezes precisamos de informa\u00e7\u00f5es suas para lhe fornecer servi\u00e7os ou &hellip; <a href=\"https:\/\/aavanz.biz\/?page_id=388\">Continue reading <span class=\"meta-nav\">&rarr;<\/span><\/a><\/p>\n","protected":false},"author":2,"featured_media":0,"parent":0,"menu_order":0,"comment_status":"closed","ping_status":"closed","template":"","meta":{"jetpack_post_was_ever_published":false},"jetpack_shortlink":"https:\/\/wp.me\/P2b0Lj-6g","jetpack_sharing_enabled":true,"jetpack-related-posts":[{"id":412,"url":"https:\/\/aavanz.biz\/?page_id=412","url_meta":{"origin":388,"position":0},"title":"keys to success for SME instrument","author":"Nuno Cunha","date":"January 10, 2019","format":false,"excerpt":"EUROPEAN FUNDING OPPORTUNITIES FOR INNOVATIVE SME\u2019S:\u00a0keys to success for SME instrument\u00a0 29\/01\/2019 Av. Professor Gama Pinto 2, Lisbon Vamos realizar, no pr\u00f3ximo dia 29\u00a0de Janeiro, uma sess\u00e3o gratuita sobre oportunidades de financiamento para PMEs inovadoras no HORIZON 2020. V\u00e3o ser apresentados casos de sucesso e os participantes ter\u00e3o a possibilidade\u2026","rel":"","context":"Similar post","block_context":{"text":"Similar post","link":""},"img":{"alt_text":"","src":"","width":0,"height":0},"classes":[]},{"id":11,"url":"https:\/\/aavanz.biz\/?page_id=11","url_meta":{"origin":388,"position":1},"title":"Thematic Areas","author":"Nuno Cunha","date":"December 10, 2011","format":false,"excerpt":"AAVANZ works in several Thematic areas, described bellow, supported by our multidisciplinary experience and partners network across Europe, South America and Africa. ICT - Information and Communication Technologies Transport Space Security Environment Energy Health","rel":"","context":"Similar post","block_context":{"text":"Similar post","link":""},"img":{"alt_text":"","src":"","width":0,"height":0},"classes":[]},{"id":9,"url":"https:\/\/aavanz.biz\/","url_meta":{"origin":388,"position":2},"title":"Home","author":"Nuno Cunha","date":"December 10, 2011","format":false,"excerpt":"Welcome to AAVANZ AAVANZ provides Innovation Consulting Services for SMEs and start-ups on the set-up of innovative projects, preparing their market strategy, raising R&D and innovation funding and management of such projects successfully. AAVANZ builds on an experience base of more than 17 years of involvement in RTD activities with\u2026","rel":"","context":"Similar post","block_context":{"text":"Similar post","link":""},"img":{"alt_text":"","src":"https:\/\/i0.wp.com\/aavanz.biz\/wp-content\/uploads\/2017\/11\/aavanz01-1024x766.png?resize=350%2C200","width":350,"height":200,"srcset":"https:\/\/i0.wp.com\/aavanz.biz\/wp-content\/uploads\/2017\/11\/aavanz01-1024x766.png?resize=350%2C200 1x, https:\/\/i0.wp.com\/aavanz.biz\/wp-content\/uploads\/2017\/11\/aavanz01-1024x766.png?resize=525%2C300 1.5x"},"classes":[]},{"id":5,"url":"https:\/\/aavanz.biz\/?page_id=5","url_meta":{"origin":388,"position":3},"title":"Blog","author":"Nuno Cunha","date":"December 10, 2011","format":false,"excerpt":"","rel":"","context":"Similar post","block_context":{"text":"Similar post","link":""},"img":{"alt_text":"","src":"","width":0,"height":0},"classes":[]},{"id":291,"url":"https:\/\/aavanz.biz\/?page_id=291","url_meta":{"origin":388,"position":4},"title":"SCRAMJET","author":"Nuno Cunha","date":"November 21, 2017","format":false,"excerpt":"Empowering Business Flights \u2013 HORIZON 2020 SME Instrument In 2017 was performed a viability study of SCRAMJET, an innovating project promoted by the portuguese company WATERDOG. This study was made under the financed project of Horizon 2020 program, SME Instrument (phase 1). SCRAMJET, a mobile and web platform of networking,\u2026","rel":"","context":"Similar post","block_context":{"text":"Similar post","link":""},"img":{"alt_text":"","src":"","width":0,"height":0},"classes":[]},{"id":292,"url":"https:\/\/aavanz.biz\/?page_id=292","url_meta":{"origin":388,"position":5},"title":"ALTRAN","author":"Nuno Cunha","date":"November 21, 2017","format":false,"excerpt":"Project 2nd Vision Altran revolutionize tv experience with \u201c2nd Vision\u201d project which has as target the development of capable solution, through mobile application, interactive and additional services related with main television broadcast (TV) automated and in real time, either live broadcast, automatic recordings or in time-shift. The project started in\u2026","rel":"","context":"Similar post","block_context":{"text":"Similar post","link":""},"img":{"alt_text":"","src":"","width":0,"height":0},"classes":[]}],"_links":{"self":[{"href":"https:\/\/aavanz.biz\/index.php?rest_route=\/wp\/v2\/pages\/388"}],"collection":[{"href":"https:\/\/aavanz.biz\/index.php?rest_route=\/wp\/v2\/pages"}],"about":[{"href":"https:\/\/aavanz.biz\/index.php?rest_route=\/wp\/v2\/types\/page"}],"author":[{"embeddable":true,"href":"https:\/\/aavanz.biz\/index.php?rest_route=\/wp\/v2\/users\/2"}],"replies":[{"embeddable":true,"href":"https:\/\/aavanz.biz\/index.php?rest_route=%2Fwp%2Fv2%2Fcomments&post=388"}],"version-history":[{"count":2,"href":"https:\/\/aavanz.biz\/index.php?rest_route=\/wp\/v2\/pages\/388\/revisions"}],"predecessor-version":[{"id":391,"href":"https:\/\/aavanz.biz\/index.php?rest_route=\/wp\/v2\/pages\/388\/revisions\/391"}],"wp:attachment":[{"href":"https:\/\/aavanz.biz\/index.php?rest_route=%2Fwp%2Fv2%2Fmedia&parent=388"}],"curies":[{"name":"wp","href":"https:\/\/api.w.org\/{rel}","templated":true}]}}