{"id":9,"date":"2011-12-10T01:25:28","date_gmt":"2011-12-10T01:25:28","guid":{"rendered":"http:\/\/aavanz.biz\/wordpress\/?page_id=9"},"modified":"2017-11-29T17:28:30","modified_gmt":"2017-11-29T17:28:30","slug":"home","status":"publish","type":"page","link":"https:\/\/aavanz.biz\/","title":{"rendered":"Home"},"content":{"rendered":"<h2>Welcome to <strong style=\"color: #333366;\">AAVANZ<\/strong><\/h2>\n<p style=\"text-align: justify;\">AAVANZ provides Innovation Consulting Services for SMEs and start-ups on the set-up of innovative projects, preparing their market strategy, raising R&amp;D and innovation funding and management of such projects successfully.<\/p>\n<p style=\"text-align: justify;\">AAVANZ builds on an experience base of more than 17 years of involvement in RTD activities with the European Commission (from FP5 to Horizon 2020), European Space Agency (ESA ARTES Program) and structural funds in Portugal (PRIME, QREN and PT2020).<\/p>\n<p style=\"text-align: justify;\">Our multidisciplinary team supports the development of new products, processes and services in innovative ICT systems, Aeronautics, Space, GMES, Security, Transport, Environment, Energy and Health.<br \/>\n<a href=\"https:\/\/i0.wp.com\/aavanz.biz\/wp-content\/uploads\/2017\/11\/aavanz01.png\"><img data-attachment-id=\"374\" data-permalink=\"https:\/\/aavanz.biz\/?attachment_id=374\" data-orig-file=\"https:\/\/i0.wp.com\/aavanz.biz\/wp-content\/uploads\/2017\/11\/aavanz01.png?fit=1744%2C1305&amp;ssl=1\" data-orig-size=\"1744,1305\" data-comments-opened=\"0\" data-image-meta=\"{&quot;aperture&quot;:&quot;0&quot;,&quot;credit&quot;:&quot;&quot;,&quot;camera&quot;:&quot;&quot;,&quot;caption&quot;:&quot;&quot;,&quot;created_timestamp&quot;:&quot;0&quot;,&quot;copyright&quot;:&quot;&quot;,&quot;focal_length&quot;:&quot;0&quot;,&quot;iso&quot;:&quot;0&quot;,&quot;shutter_speed&quot;:&quot;0&quot;,&quot;title&quot;:&quot;&quot;,&quot;orientation&quot;:&quot;0&quot;}\" data-image-title=\"aavanz01\" data-image-description=\"\" data-image-caption=\"\" data-medium-file=\"https:\/\/i0.wp.com\/aavanz.biz\/wp-content\/uploads\/2017\/11\/aavanz01.png?fit=300%2C224&amp;ssl=1\" data-large-file=\"https:\/\/i0.wp.com\/aavanz.biz\/wp-content\/uploads\/2017\/11\/aavanz01.png?fit=584%2C437&amp;ssl=1\" decoding=\"async\" loading=\"lazy\" class=\"aligncenter size-large wp-image-374\" src=\"https:\/\/i0.wp.com\/aavanz.biz\/wp-content\/uploads\/2017\/11\/aavanz01-1024x766.png?resize=584%2C437\" alt=\"\" width=\"584\" height=\"437\" srcset=\"https:\/\/i0.wp.com\/aavanz.biz\/wp-content\/uploads\/2017\/11\/aavanz01.png?resize=1024%2C766&amp;ssl=1 1024w, https:\/\/i0.wp.com\/aavanz.biz\/wp-content\/uploads\/2017\/11\/aavanz01.png?resize=300%2C224&amp;ssl=1 300w, https:\/\/i0.wp.com\/aavanz.biz\/wp-content\/uploads\/2017\/11\/aavanz01.png?resize=768%2C575&amp;ssl=1 768w, https:\/\/i0.wp.com\/aavanz.biz\/wp-content\/uploads\/2017\/11\/aavanz01.png?resize=401%2C300&amp;ssl=1 401w, https:\/\/i0.wp.com\/aavanz.biz\/wp-content\/uploads\/2017\/11\/aavanz01.png?w=1744&amp;ssl=1 1744w, https:\/\/i0.wp.com\/aavanz.biz\/wp-content\/uploads\/2017\/11\/aavanz01.png?w=1168&amp;ssl=1 1168w\" sizes=\"(max-width: 584px) 100vw, 584px\" data-recalc-dims=\"1\" \/><\/a>In the European Union there are several mechanisms to support innovative and R&amp;D based organizations, these mechanisms typically consist of subsidies to conduct far-from-market research and to stimulate the creation of new companies and increase overall R&amp;D investment. AAVANZ provides expertise on the set-up of these processes and guides customer companies from the initial idea, to the set-up of administrative, financial and technical forms, and, after successful funding helps the customer company to the project execution. A different set of skills is required to manage R&amp;D and Innovation projects and AAVANZ also provides services to help customers identify, study, develop, protect and exploit new technologies and ideas. These services can be applied horizontally, e.g. in tourism, agriculture since the focus of the company is on innovative ICT processes, and not in one specific sector or technology.<\/p>\n<p>&nbsp;<\/p>\n","protected":false},"excerpt":{"rendered":"<p>Welcome to AAVANZ AAVANZ provides Innovation Consulting Services for SMEs and start-ups on the set-up of innovative projects, preparing their market strategy, raising R&amp;D and innovation funding and management of such projects successfully. AAVANZ builds on an experience base of &hellip; <a href=\"https:\/\/aavanz.biz\/\">Continue reading <span class=\"meta-nav\">&rarr;<\/span><\/a><\/p>\n","protected":false},"author":2,"featured_media":0,"parent":0,"menu_order":0,"comment_status":"closed","ping_status":"closed","template":"","meta":{"jetpack_post_was_ever_published":false},"jetpack_shortlink":"https:\/\/wp.me\/P2b0Lj-9","jetpack_sharing_enabled":true,"jetpack-related-posts":[{"id":2,"url":"https:\/\/aavanz.biz\/?page_id=2","url_meta":{"origin":9,"position":0},"title":"About Us","author":"Nuno Cunha","date":"December 9, 2011","format":false,"excerpt":"Our Vision is to stimulate and support Innovation in companies, particularly in\u00a0SMEs\u00a0and\u00a0start-ups\u00a0assisting their growth and advancement trough\u00a0Innovation Management processes: \u00a0\u00a0 Identify, design, plan and fund\u00a0innovative\u00a0\/ R&D projects \u00a0 \u00a0Perform targeted project\u00a0execution\u00a0& management \u00a0 \u00a0Identify proper intellectual property protection and\u00a0exploitation\u00a0strategies\u00a0for the results \u00a0 \u00a0Provide\u00a0expert knowledge\u00a0in several ICT areas","rel":"","context":"Similar post","block_context":{"text":"Similar post","link":""},"img":{"alt_text":"","src":"https:\/\/i0.wp.com\/aavanz.biz\/wp-content\/uploads\/2017\/11\/aavanz02-1024x925.png?resize=350%2C200","width":350,"height":200,"srcset":"https:\/\/i0.wp.com\/aavanz.biz\/wp-content\/uploads\/2017\/11\/aavanz02-1024x925.png?resize=350%2C200 1x, https:\/\/i0.wp.com\/aavanz.biz\/wp-content\/uploads\/2017\/11\/aavanz02-1024x925.png?resize=525%2C300 1.5x"},"classes":[]},{"id":290,"url":"https:\/\/aavanz.biz\/?page_id=290","url_meta":{"origin":9,"position":1},"title":"UNBABEL","author":"Nuno Cunha","date":"November 21, 2017","format":false,"excerpt":"Success case on Horizon 2020 \u2013 Unbabel in \u201cEU innovation Champions league\u201d It was with great enthusiasm that we received the news of the approval by European Commission of the Unbabel submission to support program dedicated to Innovative SME (SME Instrument) of Horizon 2020 Program. Unabel is a Portuguese startup\u2026","rel":"","context":"Similar post","block_context":{"text":"Similar post","link":""},"img":{"alt_text":"","src":"","width":0,"height":0},"classes":[]},{"id":13,"url":"https:\/\/aavanz.biz\/?page_id=13","url_meta":{"origin":9,"position":2},"title":"Projects","author":"Nuno Cunha","date":"December 10, 2011","format":false,"excerpt":"BRAGMA - Bridging Actions for GMES and AFRICA SMART - Services for SMEs in collAborative tRansport research projects PEMAS SIAC 2011 - PEMAS QREN collective action Blue Screen -\u00a0International Success after an IDT project onCaring - concluded an I&D project to provide users and caregivers their location in real time\u2026","rel":"","context":"Similar post","block_context":{"text":"Similar post","link":""},"img":{"alt_text":"","src":"","width":0,"height":0},"classes":[]},{"id":118,"url":"https:\/\/aavanz.biz\/?page_id=118","url_meta":{"origin":9,"position":3},"title":"ICT","author":"Nuno Cunha","date":"February 6, 2012","format":false,"excerpt":"ICT - Information and Communication Technologies - http:\/\/cordis.europa.eu\/fp7\/ict\/ Information and Communication Technologies (ICT) are critical to improve the competitiveness of European industry and to meet the demands of its society and economy. ICTs have a catalytic impact in three key areas: productivity and innovation, by facilitating creativity and management; modernisation\u2026","rel":"","context":"Similar post","block_context":{"text":"Similar post","link":""},"img":{"alt_text":"","src":"","width":0,"height":0},"classes":[]},{"id":412,"url":"https:\/\/aavanz.biz\/?page_id=412","url_meta":{"origin":9,"position":4},"title":"keys to success for SME instrument","author":"Nuno Cunha","date":"January 10, 2019","format":false,"excerpt":"EUROPEAN FUNDING OPPORTUNITIES FOR INNOVATIVE SME\u2019S:\u00a0keys to success for SME instrument\u00a0 29\/01\/2019 Av. Professor Gama Pinto 2, Lisbon Vamos realizar, no pr\u00f3ximo dia 29\u00a0de Janeiro, uma sess\u00e3o gratuita sobre oportunidades de financiamento para PMEs inovadoras no HORIZON 2020. V\u00e3o ser apresentados casos de sucesso e os participantes ter\u00e3o a possibilidade\u2026","rel":"","context":"Similar post","block_context":{"text":"Similar post","link":""},"img":{"alt_text":"","src":"","width":0,"height":0},"classes":[]},{"id":97,"url":"https:\/\/aavanz.biz\/?page_id=97","url_meta":{"origin":9,"position":5},"title":"SMART","author":"Nuno Cunha","date":"February 5, 2012","format":false,"excerpt":"SMART is a Support Action co-funded by the FP7 of the European Commission. The aim of the project is to provide services to support SMEs participation in RTD research projects under the Transport Work-Programme, mainly: connecting Clusters of Transport sector in different European countries training on EU funding mechanisms facilitating\u2026","rel":"","context":"Similar post","block_context":{"text":"Similar post","link":""},"img":{"alt_text":"","src":"","width":0,"height":0},"classes":[]}],"_links":{"self":[{"href":"https:\/\/aavanz.biz\/index.php?rest_route=\/wp\/v2\/pages\/9"}],"collection":[{"href":"https:\/\/aavanz.biz\/index.php?rest_route=\/wp\/v2\/pages"}],"about":[{"href":"https:\/\/aavanz.biz\/index.php?rest_route=\/wp\/v2\/types\/page"}],"author":[{"embeddable":true,"href":"https:\/\/aavanz.biz\/index.php?rest_route=\/wp\/v2\/users\/2"}],"replies":[{"embeddable":true,"href":"https:\/\/aavanz.biz\/index.php?rest_route=%2Fwp%2Fv2%2Fcomments&post=9"}],"version-history":[{"count":10,"href":"https:\/\/aavanz.biz\/index.php?rest_route=\/wp\/v2\/pages\/9\/revisions"}],"predecessor-version":[{"id":376,"href":"https:\/\/aavanz.biz\/index.php?rest_route=\/wp\/v2\/pages\/9\/revisions\/376"}],"wp:attachment":[{"href":"https:\/\/aavanz.biz\/index.php?rest_route=%2Fwp%2Fv2%2Fmedia&parent=9"}],"curies":[{"name":"wp","href":"https:\/\/api.w.org\/{rel}","templated":true}]}}